{"id":135,"date":"2016-03-10T09:00:01","date_gmt":"2016-03-10T09:00:01","guid":{"rendered":"http:\/\/palstek-test.de\/?page_id=135"},"modified":"2021-03-01T08:57:36","modified_gmt":"2021-03-01T08:57:36","slug":"whg-leuchtfeuer","status":"publish","type":"page","link":"https:\/\/haus-palstek-amrum.de\/?page_id=135","title":{"rendered":"Wohnung Leuchtfeuer"},"content":{"rendered":"<p>[et_pb_section admin_label=&#8221;Sektion&#8221; fullwidth=&#8221;on&#8221; specialty=&#8221;off&#8221;][et_pb_fullwidth_image admin_label=&#8221;Volle Breite des Bildes&#8221; src=&#8221;http:\/\/palstek-test.de\/wp-content\/uploads\/2016\/03\/HEADDER2016-1.jpg&#8221; show_in_lightbox=&#8221;off&#8221; url_new_window=&#8221;off&#8221; use_overlay=&#8221;off&#8221; animation=&#8221;fade_in&#8221; use_border_color=&#8221;off&#8221; border_color=&#8221;#ffffff&#8221; border_style=&#8221;solid&#8221;] [\/et_pb_fullwidth_image][\/et_pb_section][et_pb_section admin_label=&#8221;Sektion&#8221; fullwidth=&#8221;off&#8221; specialty=&#8221;off&#8221;][et_pb_row admin_label=&#8221;Zeile&#8221;][et_pb_column type=&#8221;4_4&#8243;][et_pb_text admin_label=&#8221;Text&#8221; background_layout=&#8221;light&#8221; text_orientation=&#8221;left&#8221; text_text_color=&#8221;#2c6eba&#8221; use_border_color=&#8221;off&#8221; border_color=&#8221;#ffffff&#8221; border_style=&#8221;solid&#8221;]<\/p>\n<h3><span id=\"fett\" class=\"fett\" style=\"color: #2c6eba;\" title=\"fett\">Wohnung\u00a0Leuchtfeuer<\/span><\/h3>\n<div>\n<div id=\"palsteknavi\">\n<div id=\"m2534779\" class=\"b\">\n<div id=\"m2534779_z\">\n<div id=\"m62e0891\"><\/div>\n<div id=\"mxajy84\"><\/div>\n<div id=\"mxajy84_s\" class=\"b\">Diese romantische, maritim eingerichtete kleine Ferienwohnung (ca 28 qm) &#8211; f\u00fcr zwei Personen &#8211; ist nicht nur f\u00fcr frisch getraute Paare interessant!<\/div>\n<div id=\"mxajy85\">\n<div id=\"mxajy85_n\">\n<div id=\"mxajy85_tf\">\n<div id=\"mxajy85_t\">\n<p>Die Wohnung ist in der 1. Etage und besitzt einen Wohn\/Schlafraum mit komplett ausgestatteter K\u00fcchennische im Landhausstil u.a. mit 4 Platten-Ceranfeld und Backofen.\u00a0Das gro\u00dfe Doppelbett in \u00dcberl\u00e4nge (2,20 m x 1,80 m) befindet sich in einem Alkoven.<br \/>\nDas Badezimmer bietet als besonderes Highlight eine gro\u00dfe Doppeldusche 1,00 m x 1,40 m f\u00fcr zwei Personen, f\u00fcr jeden eine eigene Brause, ein F\u00f6n ist vorhanden.<\/p>\n<p>Zus\u00e4tzliche Ausstattung: DVD-Spieler, CD-Spieler, Radio, Sat-TV, Telefon mit eigener Rufnummer und W-Lan und Kabel.<\/p>\n<p>Auf der Liegewiese im Garten stehen Ihnen ein Strandkorb und\u00a0Gartenm\u00f6bel zur Entspannung zur Verf\u00fcgung,<\/p>\n<p>Sie haben die M\u00f6glichkeit, Waschmaschine und Trockner zu benutzen.<\/p>\n<\/div>\n<\/div>\n<\/div>\n<\/div>\n<\/div>\n<\/div>\n<\/div>\n<\/div>\n<p>[\/et_pb_text][\/et_pb_column][\/et_pb_row][et_pb_row admin_label=&#8221;Zeile&#8221;][et_pb_column type=&#8221;4_4&#8243;][et_pb_gallery admin_label=&#8221;Galerie&#8221; gallery_ids=&#8221;136,137,138,139,140,105&#8243; fullwidth=&#8221;off&#8221; show_title_and_caption=&#8221;off&#8221; show_pagination=&#8221;off&#8221; background_layout=&#8221;light&#8221; auto=&#8221;on&#8221; auto_speed=&#8221;3000&#8243; hover_overlay_color=&#8221;rgba(255,255,255,0.9)&#8221; caption_all_caps=&#8221;off&#8221; use_border_color=&#8221;off&#8221; border_color=&#8221;#ffffff&#8221; border_style=&#8221;solid&#8221; posts_number=&#8221;6&#8243;] [\/et_pb_gallery][\/et_pb_column][\/et_pb_row][et_pb_row admin_label=&#8221;Zeile&#8221;][et_pb_column type=&#8221;2_3&#8243;][et_pb_code admin_label=&#8221;Code&#8221;]&lt;iframe src=&#8221;https:\/\/xmlrpc.acomodo.de\/index.php?c=booking_calendars&amp;m=build_graph&amp;hhu_id=8046&amp;year=2011&amp;sc=a8086af045c2049c3fa981ae9d540aee&#8221; frameborder=&#8221;0&#8243; scrolling=&#8221;yes&#8221; height=&#8221;450&#8243; width=&#8221;659&#8243;&gt;&lt;\/iframe&gt;[\/et_pb_code][\/et_pb_column][et_pb_column type=&#8221;1_3&#8243;][et_pb_text admin_label=&#8221;Preise Leuchtfeuer&#8221; background_layout=&#8221;light&#8221; text_orientation=&#8221;center&#8221; use_border_color=&#8221;on&#8221; border_color=&#8221;#2c6eba&#8221; border_style=&#8221;solid&#8221; custom_margin=&#8221;40px|||&#8221; custom_padding=&#8221;20px|20px|20px|20px&#8221; border_width=&#8221;2px&#8221;]<\/p>\n<h3 style=\"text-align: left;\"><span style=\"color: #2c6eba;\">Unsere Preise<\/span><\/h3>\n<p style=\"text-align: left;\">Saison A &#8211; 60,00 \u20ac<br \/>\nSaison B &#8211; 50,00 \u20ac<br \/>\nSaison C &#8211; 40,00 \u20ac<\/p>\n<p style=\"text-align: left;\">Bettw\u00e4sche, Handt\u00fccher und Endreinigung\u00a0sind im Preis enthalten.<\/p>\n<p style=\"text-align: left;\"><strong>Angebote f\u00fcr die C-Saison 2021<\/strong>\u00a0beziehen sich auf die Wohnungen Kniepsand und K\u00e4pt`n Hook.<br \/>\n7 Tage buchen &#8211; nur 5 Tage bezahlen<\/p>\n<p style=\"text-align: left;\"><a href=\"http:\/\/palstek-test.de\/?page_id=113\">Die aktuellen Saisonzeiten finden Sie hier.<\/a><\/p>\n<p>[\/et_pb_text][\/et_pb_column][\/et_pb_row][\/et_pb_section]<\/p>\n","protected":false},"excerpt":{"rendered":"<p>[et_pb_section admin_label=&#8221;Sektion&#8221; fullwidth=&#8221;on&#8221; specialty=&#8221;off&#8221;][et_pb_fullwidth_image admin_label=&#8221;Volle Breite des Bildes&#8221; src=&#8221;http:\/\/palstek-test.de\/wp-content\/uploads\/2016\/03\/HEADDER2016-1.jpg&#8221; show_in_lightbox=&#8221;off&#8221; url_new_window=&#8221;off&#8221; use_overlay=&#8221;off&#8221; animation=&#8221;fade_in&#8221; use_border_color=&#8221;off&#8221; border_color=&#8221;#ffffff&#8221; border_style=&#8221;solid&#8221;] [\/et_pb_fullwidth_image][\/et_pb_section][et_pb_section admin_label=&#8221;Sektion&#8221; fullwidth=&#8221;off&#8221; specialty=&#8221;off&#8221;][et_pb_row admin_label=&#8221;Zeile&#8221;][et_pb_column type=&#8221;4_4&#8243;][et_pb_text admin_label=&#8221;Text&#8221; background_layout=&#8221;light&#8221; text_orientation=&#8221;left&#8221; text_text_color=&#8221;#2c6eba&#8221; use_border_color=&#8221;off&#8221; border_color=&#8221;#ffffff&#8221; border_style=&#8221;solid&#8221;] Wohnung\u00a0Leuchtfeuer Diese romantische, maritim eingerichtete kleine Ferienwohnung (ca 28 qm) &#8211; f\u00fcr zwei Personen &#8211; ist nicht nur f\u00fcr frisch getraute Paare interessant! Die Wohnung ist [&hellip;]<\/p>\n","protected":false},"author":1,"featured_media":0,"parent":0,"menu_order":0,"comment_status":"closed","ping_status":"closed","template":"","meta":[],"_links":{"self":[{"href":"https:\/\/haus-palstek-amrum.de\/index.php?rest_route=\/wp\/v2\/pages\/135"}],"collection":[{"href":"https:\/\/haus-palstek-amrum.de\/index.php?rest_route=\/wp\/v2\/pages"}],"about":[{"href":"https:\/\/haus-palstek-amrum.de\/index.php?rest_route=\/wp\/v2\/types\/page"}],"author":[{"embeddable":true,"href":"https:\/\/haus-palstek-amrum.de\/index.php?rest_route=\/wp\/v2\/users\/1"}],"replies":[{"embeddable":true,"href":"https:\/\/haus-palstek-amrum.de\/index.php?rest_route=%2Fwp%2Fv2%2Fcomments&post=135"}],"version-history":[{"count":9,"href":"https:\/\/haus-palstek-amrum.de\/index.php?rest_route=\/wp\/v2\/pages\/135\/revisions"}],"predecessor-version":[{"id":357,"href":"https:\/\/haus-palstek-amrum.de\/index.php?rest_route=\/wp\/v2\/pages\/135\/revisions\/357"}],"wp:attachment":[{"href":"https:\/\/haus-palstek-amrum.de\/index.php?rest_route=%2Fwp%2Fv2%2Fmedia&parent=135"}],"curies":[{"name":"wp","href":"https:\/\/api.w.org\/{rel}","templated":true}]}}