{"id":205,"date":"2016-03-26T16:03:17","date_gmt":"2016-03-26T16:03:17","guid":{"rendered":"http:\/\/palstek-test.de\/?page_id=205"},"modified":"2016-04-07T15:13:16","modified_gmt":"2016-04-07T15:13:16","slug":"hafenfuehrungen","status":"publish","type":"page","link":"https:\/\/haus-palstek-amrum.de\/?page_id=205","title":{"rendered":"Hafenf\u00fchrungen"},"content":{"rendered":"<p>[et_pb_section admin_label=&#8221;Sektion&#8221; fullwidth=&#8221;on&#8221; specialty=&#8221;off&#8221;][et_pb_fullwidth_image admin_label=&#8221;Volle Breite des Bildes&#8221; src=&#8221;http:\/\/palstek-test.de\/wp-content\/uploads\/2016\/03\/HEADDER2016-1.jpg&#8221; show_in_lightbox=&#8221;off&#8221; url_new_window=&#8221;off&#8221; use_overlay=&#8221;off&#8221; animation=&#8221;fade_in&#8221; use_border_color=&#8221;off&#8221; border_color=&#8221;#ffffff&#8221; border_style=&#8221;solid&#8221;] [\/et_pb_fullwidth_image][\/et_pb_section][et_pb_section admin_label=&#8221;Sektion&#8221; fullwidth=&#8221;on&#8221; specialty=&#8221;off&#8221; transparent_background=&#8221;off&#8221; allow_player_pause=&#8221;off&#8221; inner_shadow=&#8221;off&#8221; parallax=&#8221;off&#8221; parallax_method=&#8221;off&#8221; padding_mobile=&#8221;off&#8221; make_fullwidth=&#8221;off&#8221; use_custom_width=&#8221;off&#8221; width_unit=&#8221;on&#8221; make_equal=&#8221;off&#8221; use_custom_gutter=&#8221;off&#8221;][et_pb_fullwidth_slider admin_label=&#8221;Vollbreiter Slider&#8221; show_arrows=&#8221;on&#8221; show_pagination=&#8221;on&#8221; auto=&#8221;on&#8221; auto_ignore_hover=&#8221;off&#8221; parallax=&#8221;off&#8221; parallax_method=&#8221;off&#8221; remove_inner_shadow=&#8221;off&#8221; background_position=&#8221;default&#8221; background_size=&#8221;default&#8221; hide_content_on_mobile=&#8221;off&#8221; hide_cta_on_mobile=&#8221;off&#8221; show_image_video_mobile=&#8221;off&#8221; custom_button=&#8221;off&#8221; button_letter_spacing=&#8221;0&#8243; button_use_icon=&#8221;default&#8221; button_icon_placement=&#8221;right&#8221; button_on_hover=&#8221;on&#8221; button_letter_spacing_hover=&#8221;0&#8243; auto_speed=&#8221;5000&#8243;] [et_pb_slide background_image=&#8221;http:\/\/palstek-test.de\/wp-content\/uploads\/2016\/03\/IMG_3822.jpg&#8221; background_position=&#8221;default&#8221; background_size=&#8221;default&#8221; background_color=&#8221;#ffffff&#8221; use_bg_overlay=&#8221;off&#8221; use_text_overlay=&#8221;off&#8221; alignment=&#8221;center&#8221; background_layout=&#8221;dark&#8221; allow_player_pause=&#8221;off&#8221; text_border_radius=&#8221;3&#8243; header_font_select=&#8221;default&#8221; header_font=&#8221;||||&#8221; body_font_select=&#8221;default&#8221; body_font=&#8221;||||&#8221; custom_button=&#8221;off&#8221; button_font_select=&#8221;default&#8221; button_font=&#8221;||||&#8221; button_use_icon=&#8221;default&#8221; button_icon_placement=&#8221;right&#8221; button_on_hover=&#8221;on&#8221; heading=&#8221;Entdecken Sie den Seezeichenhafen unter fachkundiger F\u00fchrung&#8221;] [\/et_pb_slide][et_pb_slide background_image=&#8221;http:\/\/palstek-test.de\/wp-content\/uploads\/2016\/03\/MG_9570-1.jpg&#8221; background_position=&#8221;default&#8221; background_size=&#8221;default&#8221; background_color=&#8221;#ffffff&#8221; use_bg_overlay=&#8221;off&#8221; use_text_overlay=&#8221;off&#8221; alignment=&#8221;center&#8221; background_layout=&#8221;dark&#8221; allow_player_pause=&#8221;off&#8221; text_border_radius=&#8221;3&#8243; header_font_select=&#8221;default&#8221; header_font=&#8221;||||&#8221; body_font_select=&#8221;default&#8221; body_font=&#8221;||||&#8221; custom_button=&#8221;off&#8221; button_font_select=&#8221;default&#8221; button_font=&#8221;||||&#8221; button_use_icon=&#8221;default&#8221; button_icon_placement=&#8221;right&#8221; button_on_hover=&#8221;on&#8221;] [\/et_pb_slide][et_pb_slide background_image=&#8221;http:\/\/palstek-test.de\/wp-content\/uploads\/2016\/03\/IMG_3828.jpg&#8221; background_position=&#8221;default&#8221; background_size=&#8221;default&#8221; background_color=&#8221;#ffffff&#8221; use_bg_overlay=&#8221;off&#8221; use_text_overlay=&#8221;off&#8221; alignment=&#8221;center&#8221; background_layout=&#8221;dark&#8221; allow_player_pause=&#8221;off&#8221; text_border_radius=&#8221;3&#8243; header_font_select=&#8221;default&#8221; header_font=&#8221;||||&#8221; body_font_select=&#8221;default&#8221; body_font=&#8221;||||&#8221; custom_button=&#8221;off&#8221; button_font_select=&#8221;default&#8221; button_font=&#8221;||||&#8221; button_use_icon=&#8221;default&#8221; button_icon_placement=&#8221;right&#8221; button_on_hover=&#8221;on&#8221;] [\/et_pb_slide][et_pb_slide background_image=&#8221;http:\/\/palstek-test.de\/wp-content\/uploads\/2016\/03\/DSC03937.jpg&#8221; background_position=&#8221;default&#8221; background_size=&#8221;default&#8221; background_color=&#8221;#ffffff&#8221; use_bg_overlay=&#8221;off&#8221; use_text_overlay=&#8221;off&#8221; alignment=&#8221;center&#8221; background_layout=&#8221;dark&#8221; allow_player_pause=&#8221;off&#8221; text_border_radius=&#8221;3&#8243; header_font_select=&#8221;default&#8221; header_font=&#8221;||||&#8221; body_font_select=&#8221;default&#8221; body_font=&#8221;||||&#8221; custom_button=&#8221;off&#8221; button_font_select=&#8221;default&#8221; button_font=&#8221;||||&#8221; button_use_icon=&#8221;default&#8221; button_icon_placement=&#8221;right&#8221; button_on_hover=&#8221;on&#8221;] [\/et_pb_slide][et_pb_slide background_image=&#8221;http:\/\/palstek-test.de\/wp-content\/uploads\/2016\/03\/DSC01527.jpg&#8221; background_position=&#8221;default&#8221; background_size=&#8221;default&#8221; background_color=&#8221;#ffffff&#8221; use_bg_overlay=&#8221;off&#8221; use_text_overlay=&#8221;off&#8221; alignment=&#8221;center&#8221; background_layout=&#8221;dark&#8221; allow_player_pause=&#8221;off&#8221; text_border_radius=&#8221;3&#8243; header_font_select=&#8221;default&#8221; header_font=&#8221;||||&#8221; body_font_select=&#8221;default&#8221; body_font=&#8221;||||&#8221; custom_button=&#8221;off&#8221; button_font_select=&#8221;default&#8221; button_font=&#8221;||||&#8221; button_use_icon=&#8221;default&#8221; button_icon_placement=&#8221;right&#8221; button_on_hover=&#8221;on&#8221;] [\/et_pb_slide] [\/et_pb_fullwidth_slider][\/et_pb_section][et_pb_section admin_label=&#8221;Sektion&#8221; fullwidth=&#8221;off&#8221; specialty=&#8221;off&#8221;][et_pb_row admin_label=&#8221;Zeile&#8221;][et_pb_column type=&#8221;1_2&#8243;][et_pb_text admin_label=&#8221;Text&#8221; background_layout=&#8221;light&#8221; text_orientation=&#8221;left&#8221; use_border_color=&#8221;off&#8221; border_color=&#8221;#ffffff&#8221; border_style=&#8221;solid&#8221;]<\/p>\n<h3><span style=\"color: #2c6eba;\">F\u00fchrungen durch den Seezeichenhafen Wittd\u00fcn&#8230;<\/span><\/h3>\n<div>\n<div id=\"palsteknavi\">\n<div id=\"m2534779\" class=\"b\">\n<div id=\"m2534779_z\">\n<div id=\"mxajy85\">\n<div id=\"mxajy85_n\">\n<p>mit dem Leiter des Au\u00dfenbezirks Amrum, Dipl-Ing. Wolfgang St\u00f6ck<\/p>\n<p>Von April bis Oktober haben Sie die Gelegenheit, unter fachkundiger F\u00fchrung den Seezeichenhafen Wittd\u00fcn zu entdecken. Sie erfahren alles Wissenswerte \u00fcber Seetonnen, Leuchtfeuer, Baken und Pricken rund um Amrum und die Westk\u00fcste.<\/p>\n<p>Dauer : ca. 2 Stunden<\/p>\n<p>Der Obulus f\u00fcr die F\u00fchrung betr\u00e4gt 5,00 \u20ac pro Person.<br \/>\nAlle Personen\/ Kinder unter 147,5 cm K\u00f6rpergr\u00f6\u00dfe: Eintritt frei!<\/p>\n<p>Termine : siehe Amrum Aktuell und\/oder Aushang am Seezeichenhafen.<\/p>\n<p>Schulklassen und Kindergruppen m\u00f6chten bitte einen gesonderten Termin vereinbaren:<br \/>\nTel.: 04682 &#8211; 948500<\/p>\n<p><a href=\"http:\/\/www.wsa-toenning.wsv.de\/\" target=\"_blank\">www.wsa-toenning.wsv.de<\/a><\/p>\n<\/div>\n<\/div>\n<\/div>\n<\/div>\n<div><\/div>\n<\/div>\n<\/div>\n<p>[\/et_pb_text][\/et_pb_column][et_pb_column type=&#8221;1_2&#8243;][et_pb_image admin_label=&#8221;Bild&#8221; src=&#8221;http:\/\/palstek-test.de\/wp-content\/uploads\/2016\/03\/hafenplakat.jpg&#8221; show_in_lightbox=&#8221;off&#8221; url_new_window=&#8221;off&#8221; use_overlay=&#8221;off&#8221; animation=&#8221;left&#8221; sticky=&#8221;off&#8221; align=&#8221;left&#8221; force_fullwidth=&#8221;off&#8221; always_center_on_mobile=&#8221;on&#8221; use_border_color=&#8221;off&#8221; border_color=&#8221;#ffffff&#8221; border_style=&#8221;solid&#8221;] [\/et_pb_image][\/et_pb_column][\/et_pb_row][\/et_pb_section]<\/p>\n","protected":false},"excerpt":{"rendered":"<p>[et_pb_section admin_label=&#8221;Sektion&#8221; fullwidth=&#8221;on&#8221; specialty=&#8221;off&#8221;][et_pb_fullwidth_image admin_label=&#8221;Volle Breite des Bildes&#8221; src=&#8221;http:\/\/palstek-test.de\/wp-content\/uploads\/2016\/03\/HEADDER2016-1.jpg&#8221; show_in_lightbox=&#8221;off&#8221; url_new_window=&#8221;off&#8221; use_overlay=&#8221;off&#8221; animation=&#8221;fade_in&#8221; use_border_color=&#8221;off&#8221; border_color=&#8221;#ffffff&#8221; border_style=&#8221;solid&#8221;] [\/et_pb_fullwidth_image][\/et_pb_section][et_pb_section admin_label=&#8221;Sektion&#8221; fullwidth=&#8221;on&#8221; specialty=&#8221;off&#8221; transparent_background=&#8221;off&#8221; allow_player_pause=&#8221;off&#8221; inner_shadow=&#8221;off&#8221; parallax=&#8221;off&#8221; parallax_method=&#8221;off&#8221; padding_mobile=&#8221;off&#8221; make_fullwidth=&#8221;off&#8221; use_custom_width=&#8221;off&#8221; width_unit=&#8221;on&#8221; make_equal=&#8221;off&#8221; use_custom_gutter=&#8221;off&#8221;][et_pb_fullwidth_slider admin_label=&#8221;Vollbreiter Slider&#8221; show_arrows=&#8221;on&#8221; show_pagination=&#8221;on&#8221; auto=&#8221;on&#8221; auto_ignore_hover=&#8221;off&#8221; parallax=&#8221;off&#8221; parallax_method=&#8221;off&#8221; remove_inner_shadow=&#8221;off&#8221; background_position=&#8221;default&#8221; background_size=&#8221;default&#8221; hide_content_on_mobile=&#8221;off&#8221; hide_cta_on_mobile=&#8221;off&#8221; show_image_video_mobile=&#8221;off&#8221; custom_button=&#8221;off&#8221; button_letter_spacing=&#8221;0&#8243; button_use_icon=&#8221;default&#8221; button_icon_placement=&#8221;right&#8221; button_on_hover=&#8221;on&#8221; button_letter_spacing_hover=&#8221;0&#8243; auto_speed=&#8221;5000&#8243;] [et_pb_slide background_image=&#8221;http:\/\/palstek-test.de\/wp-content\/uploads\/2016\/03\/IMG_3822.jpg&#8221; background_position=&#8221;default&#8221; [&hellip;]<\/p>\n","protected":false},"author":1,"featured_media":0,"parent":0,"menu_order":0,"comment_status":"closed","ping_status":"closed","template":"","meta":[],"_links":{"self":[{"href":"https:\/\/haus-palstek-amrum.de\/index.php?rest_route=\/wp\/v2\/pages\/205"}],"collection":[{"href":"https:\/\/haus-palstek-amrum.de\/index.php?rest_route=\/wp\/v2\/pages"}],"about":[{"href":"https:\/\/haus-palstek-amrum.de\/index.php?rest_route=\/wp\/v2\/types\/page"}],"author":[{"embeddable":true,"href":"https:\/\/haus-palstek-amrum.de\/index.php?rest_route=\/wp\/v2\/users\/1"}],"replies":[{"embeddable":true,"href":"https:\/\/haus-palstek-amrum.de\/index.php?rest_route=%2Fwp%2Fv2%2Fcomments&post=205"}],"version-history":[{"count":20,"href":"https:\/\/haus-palstek-amrum.de\/index.php?rest_route=\/wp\/v2\/pages\/205\/revisions"}],"predecessor-version":[{"id":310,"href":"https:\/\/haus-palstek-amrum.de\/index.php?rest_route=\/wp\/v2\/pages\/205\/revisions\/310"}],"wp:attachment":[{"href":"https:\/\/haus-palstek-amrum.de\/index.php?rest_route=%2Fwp%2Fv2%2Fmedia&parent=205"}],"curies":[{"name":"wp","href":"https:\/\/api.w.org\/{rel}","templated":true}]}}