{"id":226,"date":"2016-03-26T16:36:25","date_gmt":"2016-03-26T16:36:25","guid":{"rendered":"http:\/\/palstek-test.de\/?page_id=226"},"modified":"2016-04-07T14:51:42","modified_gmt":"2016-04-07T14:51:42","slug":"knotenkurse","status":"publish","type":"page","link":"https:\/\/haus-palstek-amrum.de\/?page_id=226","title":{"rendered":"Knotenkurse"},"content":{"rendered":"<p>[et_pb_section admin_label=&#8221;Sektion&#8221; fullwidth=&#8221;on&#8221; specialty=&#8221;off&#8221;][et_pb_fullwidth_image admin_label=&#8221;Volle Breite des Bildes&#8221; src=&#8221;http:\/\/palstek-test.de\/wp-content\/uploads\/2016\/03\/HEADDER2016-1.jpg&#8221; show_in_lightbox=&#8221;off&#8221; url_new_window=&#8221;off&#8221; use_overlay=&#8221;off&#8221; animation=&#8221;fade_in&#8221; use_border_color=&#8221;off&#8221; border_color=&#8221;#ffffff&#8221; border_style=&#8221;solid&#8221;] [\/et_pb_fullwidth_image][\/et_pb_section][et_pb_section admin_label=&#8221;Sektion&#8221; fullwidth=&#8221;on&#8221; specialty=&#8221;off&#8221;][et_pb_fullwidth_slider admin_label=&#8221;Vollbreiter Slider&#8221; show_arrows=&#8221;on&#8221; show_pagination=&#8221;on&#8221; auto=&#8221;on&#8221; auto_ignore_hover=&#8221;off&#8221; parallax=&#8221;off&#8221; parallax_method=&#8221;off&#8221; remove_inner_shadow=&#8221;off&#8221; background_position=&#8221;default&#8221; background_size=&#8221;default&#8221; hide_content_on_mobile=&#8221;off&#8221; hide_cta_on_mobile=&#8221;off&#8221; show_image_video_mobile=&#8221;off&#8221; custom_button=&#8221;off&#8221; button_letter_spacing=&#8221;0&#8243; button_use_icon=&#8221;default&#8221; button_icon_placement=&#8221;right&#8221; button_on_hover=&#8221;on&#8221; button_letter_spacing_hover=&#8221;0&#8243; auto_speed=&#8221;5000&#8243;] [et_pb_slide background_image=&#8221;http:\/\/palstek-test.de\/wp-content\/uploads\/2016\/03\/DSC01506.jpg&#8221; background_position=&#8221;default&#8221; background_size=&#8221;default&#8221; background_color=&#8221;#ffffff&#8221; use_bg_overlay=&#8221;off&#8221; use_text_overlay=&#8221;off&#8221; alignment=&#8221;center&#8221; background_layout=&#8221;dark&#8221; allow_player_pause=&#8221;off&#8221; text_border_radius=&#8221;3&#8243; header_font_select=&#8221;default&#8221; header_font=&#8221;||||&#8221; body_font_select=&#8221;default&#8221; body_font=&#8221;||||&#8221; custom_button=&#8221;off&#8221; button_font_select=&#8221;default&#8221; button_font=&#8221;||||&#8221; button_use_icon=&#8221;default&#8221; button_icon_placement=&#8221;right&#8221; button_on_hover=&#8221;on&#8221;] [\/et_pb_slide] [\/et_pb_fullwidth_slider][\/et_pb_section][et_pb_section admin_label=&#8221;Sektion&#8221; fullwidth=&#8221;off&#8221; specialty=&#8221;off&#8221;][et_pb_row admin_label=&#8221;Zeile&#8221;][et_pb_column type=&#8221;4_4&#8243;][et_pb_text admin_label=&#8221;Text&#8221; background_layout=&#8221;light&#8221; text_orientation=&#8221;left&#8221; use_border_color=&#8221;off&#8221; border_color=&#8221;#ffffff&#8221; border_style=&#8221;solid&#8221;]<\/p>\n<h3><span style=\"color: #2c6eba;\"><span class=\"fett\">Knotenkurs<\/span>\u00a0mit dem Amrumer Insel-Piraten Gr\u00e4biard<\/span><\/h3>\n<div>\n<div id=\"palsteknavi\">\n<div id=\"m2534779\" class=\"b\">\n<div id=\"m2534779_z\">\n<div id=\"mxajy85\">\n<div id=\"mxajy85_n\">\n<div>\n<div id=\"palsteknavi\">\n<div id=\"m2534779\" class=\"b\"><\/div>\n<div>F\u00fcr Familien mit harten Jungs und kessen M\u00e4dchen erz\u00e4hlt der Amrumer Insel-Pirat spannende Geschichten vom Leben an Bord alter Segelschiffe und vermittelt spielerisch die Kunst der Seemannsknoten. Vom Palstek bis zum Kronenknotenplatting ( Schl\u00fcsselanh\u00e4nger ) ist alles m\u00f6glich.<\/div>\n<\/div>\n<\/div>\n<div>\n<p>Die Piratenknotenkurse finden ab Ostern 2011 im Bistro, Restaurant\u00a0<a href=\"http:\/\/www.strandpirat-amrum.de\/\" target=\"_blank\">\u201eStrand Pirat&#8221;<\/a>\u00a0direkt am Nebler Strand\u00fcbergang statt. Termine und Anmeldung werden auch dort bekanntgegeben und entgegengenommen.<\/p>\n<p>Obolus: Erwachsene und kleine Landratten\u00a0 je 4,- Euro<\/p>\n<p>Enthalten im Obolus: Material f\u00fcr 1 Schl\u00fcsselanh\u00e4nger + Anleitung<\/p>\n<p><span class=\"fett\">\u00dcbrigens: Den Amrumer Insel-Pirat Gr\u00e4biard k\u00f6nnt Ihr auch f\u00fcr Piraten-Knoten-Kurse au\u00dfer Haus anheuern, als \u00dcberraschung zB auf Eurer Geburtstags- Familien- oder Betriebsfeier !<\/span><\/p>\n<\/div>\n<\/div>\n<\/div>\n<\/div>\n<\/div>\n<div><\/div>\n<\/div>\n<\/div>\n<p>[\/et_pb_text][\/et_pb_column][\/et_pb_row][\/et_pb_section]<\/p>\n","protected":false},"excerpt":{"rendered":"<p>[et_pb_section admin_label=&#8221;Sektion&#8221; fullwidth=&#8221;on&#8221; specialty=&#8221;off&#8221;][et_pb_fullwidth_image admin_label=&#8221;Volle Breite des Bildes&#8221; src=&#8221;http:\/\/palstek-test.de\/wp-content\/uploads\/2016\/03\/HEADDER2016-1.jpg&#8221; show_in_lightbox=&#8221;off&#8221; url_new_window=&#8221;off&#8221; use_overlay=&#8221;off&#8221; animation=&#8221;fade_in&#8221; use_border_color=&#8221;off&#8221; border_color=&#8221;#ffffff&#8221; border_style=&#8221;solid&#8221;] [\/et_pb_fullwidth_image][\/et_pb_section][et_pb_section admin_label=&#8221;Sektion&#8221; fullwidth=&#8221;on&#8221; specialty=&#8221;off&#8221;][et_pb_fullwidth_slider admin_label=&#8221;Vollbreiter Slider&#8221; show_arrows=&#8221;on&#8221; show_pagination=&#8221;on&#8221; auto=&#8221;on&#8221; auto_ignore_hover=&#8221;off&#8221; parallax=&#8221;off&#8221; parallax_method=&#8221;off&#8221; remove_inner_shadow=&#8221;off&#8221; background_position=&#8221;default&#8221; background_size=&#8221;default&#8221; hide_content_on_mobile=&#8221;off&#8221; hide_cta_on_mobile=&#8221;off&#8221; show_image_video_mobile=&#8221;off&#8221; custom_button=&#8221;off&#8221; button_letter_spacing=&#8221;0&#8243; button_use_icon=&#8221;default&#8221; button_icon_placement=&#8221;right&#8221; button_on_hover=&#8221;on&#8221; button_letter_spacing_hover=&#8221;0&#8243; auto_speed=&#8221;5000&#8243;] [et_pb_slide background_image=&#8221;http:\/\/palstek-test.de\/wp-content\/uploads\/2016\/03\/DSC01506.jpg&#8221; background_position=&#8221;default&#8221; background_size=&#8221;default&#8221; background_color=&#8221;#ffffff&#8221; use_bg_overlay=&#8221;off&#8221; use_text_overlay=&#8221;off&#8221; alignment=&#8221;center&#8221; background_layout=&#8221;dark&#8221; allow_player_pause=&#8221;off&#8221; text_border_radius=&#8221;3&#8243; header_font_select=&#8221;default&#8221; header_font=&#8221;||||&#8221; body_font_select=&#8221;default&#8221; [&hellip;]<\/p>\n","protected":false},"author":1,"featured_media":0,"parent":0,"menu_order":0,"comment_status":"closed","ping_status":"closed","template":"","meta":[],"_links":{"self":[{"href":"https:\/\/haus-palstek-amrum.de\/index.php?rest_route=\/wp\/v2\/pages\/226"}],"collection":[{"href":"https:\/\/haus-palstek-amrum.de\/index.php?rest_route=\/wp\/v2\/pages"}],"about":[{"href":"https:\/\/haus-palstek-amrum.de\/index.php?rest_route=\/wp\/v2\/types\/page"}],"author":[{"embeddable":true,"href":"https:\/\/haus-palstek-amrum.de\/index.php?rest_route=\/wp\/v2\/users\/1"}],"replies":[{"embeddable":true,"href":"https:\/\/haus-palstek-amrum.de\/index.php?rest_route=%2Fwp%2Fv2%2Fcomments&post=226"}],"version-history":[{"count":4,"href":"https:\/\/haus-palstek-amrum.de\/index.php?rest_route=\/wp\/v2\/pages\/226\/revisions"}],"predecessor-version":[{"id":296,"href":"https:\/\/haus-palstek-amrum.de\/index.php?rest_route=\/wp\/v2\/pages\/226\/revisions\/296"}],"wp:attachment":[{"href":"https:\/\/haus-palstek-amrum.de\/index.php?rest_route=%2Fwp%2Fv2%2Fmedia&parent=226"}],"curies":[{"name":"wp","href":"https:\/\/api.w.org\/{rel}","templated":true}]}}