{"id":94,"date":"2016-03-09T14:54:45","date_gmt":"2016-03-09T14:54:45","guid":{"rendered":"http:\/\/palstek-test.de\/?page_id=94"},"modified":"2021-03-01T08:59:09","modified_gmt":"2021-03-01T08:59:09","slug":"wohnung-kniepsand","status":"publish","type":"page","link":"https:\/\/haus-palstek-amrum.de\/?page_id=94","title":{"rendered":"Wohnung Kniepsand"},"content":{"rendered":"<p>[et_pb_section admin_label=&#8221;Sektion&#8221; fullwidth=&#8221;on&#8221; specialty=&#8221;off&#8221;][et_pb_fullwidth_image admin_label=&#8221;Volle Breite des Bildes&#8221; src=&#8221;http:\/\/palstek-test.de\/wp-content\/uploads\/2016\/03\/HEADDER2016-1.jpg&#8221; show_in_lightbox=&#8221;off&#8221; url_new_window=&#8221;off&#8221; use_overlay=&#8221;off&#8221; animation=&#8221;fade_in&#8221; use_border_color=&#8221;off&#8221; border_color=&#8221;#ffffff&#8221; border_style=&#8221;solid&#8221;] [\/et_pb_fullwidth_image][\/et_pb_section][et_pb_section admin_label=&#8221;Sektion&#8221; fullwidth=&#8221;off&#8221; specialty=&#8221;off&#8221;][et_pb_row admin_label=&#8221;Zeile&#8221;][et_pb_column type=&#8221;4_4&#8243;][et_pb_text admin_label=&#8221;Text&#8221; background_layout=&#8221;light&#8221; text_orientation=&#8221;left&#8221; text_text_color=&#8221;#2c6eba&#8221; use_border_color=&#8221;off&#8221; border_color=&#8221;#ffffff&#8221; border_style=&#8221;solid&#8221;]<\/p>\n<h3><span id=\"fett\" class=\"fett\" style=\"color: #2c6eba;\" title=\"fett\">Wohnung Kniepsand<\/span><\/h3>\n<p>Die gem\u00fctliche ca.40 qm gro\u00dfe Ferienwohnung mit maritimem Flair ist f\u00fcr 2-4 Personen geeignet.\u00a0Sie liegt im Erdgeschoss und hat eine eigene S\u00fcd-West-Terrasse mit Strandkorb und\u00a0Gartenm\u00f6beln zur Entspannung.<br \/>\nDie Wohnung besteht aus einem Wohnraum mit einer K\u00fcchenzeile im Landhausstil, einem separatem Schlafraum mit gro\u00dfem Doppelbett, einem Flur und einem Badezimmer mit Dusche und WC.<br \/>\nIn dem Wohnraum bietet eine ausklappbare, bequeme\u00a0Schlafcouch Platz f\u00fcr zwei weitere Personen.<br \/>\nDie komplett eingerichtete K\u00fcchenzeile ist u.a. mit 4 Platten-Ceranfeld, Backofen und Geschirrsp\u00fclmaschine ausgestattet.<\/p>\n<p>Weitere Ausstattung: DVD-Spieler, CD-Spieler, Radio, Sat-TV, Telefon mit eigener Rufnummer, W-Lan und Kabel.<br \/>\nAlle Schlafpl\u00e4tze haben (Bettzeug) Oberbetten mit \u00dcberl\u00e4nge.\u00a0Sie haben die M\u00f6glichkeit, Waschmaschine und Trockner zu benutzen.<br \/>\nAuf Wunsch k\u00f6nnen ein Kinder-Reisebett und ein Kinder-Hochstuhl\u00a0zur Verf\u00fcgung gestellt werden.<br \/>\nParkpl\u00e4tze sind am Haus vorhanden.<\/p>\n<p>[\/et_pb_text][\/et_pb_column][\/et_pb_row][et_pb_row admin_label=&#8221;Zeile&#8221;][et_pb_column type=&#8221;4_4&#8243;][et_pb_gallery admin_label=&#8221;Galerie&#8221; gallery_ids=&#8221;98,96,97,95,99,104&#8243; fullwidth=&#8221;off&#8221; show_title_and_caption=&#8221;off&#8221; show_pagination=&#8221;off&#8221; background_layout=&#8221;light&#8221; auto=&#8221;on&#8221; auto_speed=&#8221;3000&#8243; hover_overlay_color=&#8221;rgba(255,255,255,0.9)&#8221; caption_all_caps=&#8221;off&#8221; use_border_color=&#8221;off&#8221; border_color=&#8221;#ffffff&#8221; border_style=&#8221;solid&#8221; posts_number=&#8221;6&#8243;] [\/et_pb_gallery][\/et_pb_column][\/et_pb_row][et_pb_row admin_label=&#8221;Zeile&#8221;][et_pb_column type=&#8221;2_3&#8243;][et_pb_code admin_label=&#8221;Code&#8221;]&lt;iframe src=&#8221;https:\/\/xmlrpc.acomodo.de\/index.php?c=booking_calendars&amp;m=build_graph&amp;hhu_id=7993&amp;year=2011&amp;sc=3ee7bded213237d210020e8c2a98e237&#8243; frameborder=&#8221;0&#8243; scrolling=&#8221;yes&#8221; height=&#8221;450&#8243; width=&#8221;659&#8243;&gt;&lt;\/iframe&gt;[\/et_pb_code][\/et_pb_column][et_pb_column type=&#8221;1_3&#8243;][et_pb_text admin_label=&#8221;Preise Kniepsand&#8221; background_layout=&#8221;light&#8221; text_orientation=&#8221;center&#8221; use_border_color=&#8221;on&#8221; border_color=&#8221;#2c6eba&#8221; border_style=&#8221;solid&#8221; custom_margin=&#8221;40px|||&#8221; custom_padding=&#8221;20px|20px|20px|20px&#8221; border_width=&#8221;2px&#8221;]<\/p>\n<h3 style=\"text-align: left;\"><span style=\"color: #2c6eba;\">Unsere Preise<\/span><\/h3>\n<p style=\"text-align: left;\">Saison A &#8211;\u00a095,00 \u20ac<br \/>\nSaison B &#8211; 80,00 \u20ac<br \/>\nSaison C &#8211; 70,00 \u20ac<\/p>\n<p style=\"text-align: left;\">Bettw\u00e4sche, Handt\u00fccher und Endreinigung\u00a0sind im Preis enthalten.<\/p>\n<p style=\"text-align: left;\"><strong>Angebote f\u00fcr die C-Saison 2021<\/strong>\u00a0beziehen sich auf die Wohnungen Kniepsand und K\u00e4pt`n Hook.<br \/>\n7 Tage buchen &#8211; nur 5 Tage bezahlen<\/p>\n<p style=\"text-align: left;\"><a href=\"http:\/\/palstek-test.de\/?page_id=113\">Die aktuellen Saisonzeiten finden Sie hier.<\/a><\/p>\n<p>[\/et_pb_text][\/et_pb_column][\/et_pb_row][\/et_pb_section]<\/p>\n","protected":false},"excerpt":{"rendered":"<p>[et_pb_section admin_label=&#8221;Sektion&#8221; fullwidth=&#8221;on&#8221; specialty=&#8221;off&#8221;][et_pb_fullwidth_image admin_label=&#8221;Volle Breite des Bildes&#8221; src=&#8221;http:\/\/palstek-test.de\/wp-content\/uploads\/2016\/03\/HEADDER2016-1.jpg&#8221; show_in_lightbox=&#8221;off&#8221; url_new_window=&#8221;off&#8221; use_overlay=&#8221;off&#8221; animation=&#8221;fade_in&#8221; use_border_color=&#8221;off&#8221; border_color=&#8221;#ffffff&#8221; border_style=&#8221;solid&#8221;] [\/et_pb_fullwidth_image][\/et_pb_section][et_pb_section admin_label=&#8221;Sektion&#8221; fullwidth=&#8221;off&#8221; specialty=&#8221;off&#8221;][et_pb_row admin_label=&#8221;Zeile&#8221;][et_pb_column type=&#8221;4_4&#8243;][et_pb_text admin_label=&#8221;Text&#8221; background_layout=&#8221;light&#8221; text_orientation=&#8221;left&#8221; text_text_color=&#8221;#2c6eba&#8221; use_border_color=&#8221;off&#8221; border_color=&#8221;#ffffff&#8221; border_style=&#8221;solid&#8221;] Wohnung Kniepsand Die gem\u00fctliche ca.40 qm gro\u00dfe Ferienwohnung mit maritimem Flair ist f\u00fcr 2-4 Personen geeignet.\u00a0Sie liegt im Erdgeschoss und hat eine eigene S\u00fcd-West-Terrasse mit Strandkorb [&hellip;]<\/p>\n","protected":false},"author":1,"featured_media":0,"parent":0,"menu_order":0,"comment_status":"closed","ping_status":"closed","template":"","meta":[],"_links":{"self":[{"href":"https:\/\/haus-palstek-amrum.de\/index.php?rest_route=\/wp\/v2\/pages\/94"}],"collection":[{"href":"https:\/\/haus-palstek-amrum.de\/index.php?rest_route=\/wp\/v2\/pages"}],"about":[{"href":"https:\/\/haus-palstek-amrum.de\/index.php?rest_route=\/wp\/v2\/types\/page"}],"author":[{"embeddable":true,"href":"https:\/\/haus-palstek-amrum.de\/index.php?rest_route=\/wp\/v2\/users\/1"}],"replies":[{"embeddable":true,"href":"https:\/\/haus-palstek-amrum.de\/index.php?rest_route=%2Fwp%2Fv2%2Fcomments&post=94"}],"version-history":[{"count":18,"href":"https:\/\/haus-palstek-amrum.de\/index.php?rest_route=\/wp\/v2\/pages\/94\/revisions"}],"predecessor-version":[{"id":359,"href":"https:\/\/haus-palstek-amrum.de\/index.php?rest_route=\/wp\/v2\/pages\/94\/revisions\/359"}],"wp:attachment":[{"href":"https:\/\/haus-palstek-amrum.de\/index.php?rest_route=%2Fwp%2Fv2%2Fmedia&parent=94"}],"curies":[{"name":"wp","href":"https:\/\/api.w.org\/{rel}","templated":true}]}}